{"id":34,"date":"2017-08-23T10:45:12","date_gmt":"2017-08-23T15:45:12","guid":{"rendered":"https:\/\/www.custodioyavaluo.com\/?page_id=34"},"modified":"2019-12-06T11:38:15","modified_gmt":"2019-12-06T16:38:15","slug":"servicios","status":"publish","type":"page","link":"https:\/\/www.custodioyavaluo.com\/index.php\/servicios\/","title":{"rendered":"Servicios"},"content":{"rendered":"<p>[table id=3 \/]<\/p>\n<h3>Explicaci\u00f3n de Servicios<\/h3>\n<p><strong>Servicio de Aval\u00fao y equipos pesados:<\/strong> Este servicio se ofrece a los clientes que necesiten una hoja certificada con el valor real en el mercado de su veh\u00edculo o equipo pesado, esta hoja le servir\u00e1 para realizar cualquier tr\u00e1mite financiero. Este informe puede ser utilizado solo en la entidad financiera que lo solicite, viene acompa\u00f1ado de fotograf\u00edas del veh\u00edculo y una inspecci\u00f3n f\u00edsica del mismo. Este servicio se realiza a nivel nacional.<\/p>\n<p><strong>Aval\u00fao electr\u00f3nico:<\/strong> Esta es nuestra nueva herramienta para facilitarle a nuestros clientes de instituciones financieras, clientes personales y\/o institucionales una herramienta que les permita poder realizar un aval\u00fao f\u00edsico de su auto personal, comercial o flota, anexar los datos del veh\u00edculo, da\u00f1os f\u00edsicos, fotograf\u00edas y con solo marcar el bot\u00f3n de <strong>Siguiente<\/strong> recibir\u00e1s una copia del mismo en el correo personal del solicitante, en el correo del oficial de la entidad financiera y una copia reposara en nuestra base de datos como garantes del servicio. El aval\u00fao que recibir\u00e1 le dar\u00e1 tres valores para que pueda trabajar con amplitud cada caso que se le presente, tendr\u00e1 el <strong>VALOR REAL, PRECIO MERCADO Y VENTA RAPIDA<\/strong> adicional la opci\u00f3n de poder imprimirlo.<br \/>\nEjemplo: seguido abajo junto a el sello que garantiza que el aval\u00fao es de nuestra compa\u00f1\u00eda.<\/p>\n<p><img loading=\"lazy\" class=\"alignnone size-full wp-image-88\" src=\"https:\/\/www.custodioyavaluo.com\/wp-content\/uploads\/2018\/07\/IMG240718EM.jpg\" alt=\"\" width=\"187\" height=\"337\"><\/p>\n<p><strong>Consulta Vehicular electr\u00f3nica:<\/strong> En el caso de la consulta vehicular electr\u00f3nica encontraremos un documento similar al aval\u00fao, lo que lo diferencia es que no tiene validez para transacciones en entidades financieras ni aseguradoras, su validez es solo como una referencia del valor de su auto, el mismo se podr\u00e1 imprimir.<\/p>\n<p><strong>Inspecci\u00f3n post pr\u00e9stamo:<\/strong> Con este producto buscamos apoyar a las entidades financieras, a que a\u00f1o tras a\u00f1o le den seguimiento a el estado en el que se encuentra el veh\u00edculo financiado y de esa manera conserve su valor por el tiempo del acuerdo.<\/p>\n<p><strong>Inspecci\u00f3n vehicular para aseguradoras:<\/strong> Este servicio fue creado para agilizar y facilitar a las aseguradoras la inspecci\u00f3n a las que se someten los autos como requerimiento obligatorio.<\/p>\n<p><strong>Recuperaci\u00f3n vehicular:<\/strong> Con este servicio buscamos apoyar a las entidades financieras para recuperar los bienes que entren en etapa de mora. Esto implica una serie de requisitos que le podremos informar en futuras reuniones.<\/p>\n<p><strong>Aval\u00fao con inspecci\u00f3n f\u00edsica y mec\u00e1nica:<\/strong> Este servicio fue creado para todo aquel cliente que busque comprar un auto y necesite saber cu\u00e1l es su estado f\u00edsico y mec\u00e1nico. Personal id\u00f3neo en la materia har\u00e1 la inspecci\u00f3n de rutina, conectando el auto a una computadora y le damos un informe mec\u00e1nico como f\u00edsico del estatus de su auto.<\/p>\n","protected":false},"excerpt":{"rendered":"<p>[table id=3 \/] Explicaci\u00f3n de Servicios Servicio de Aval\u00fao y equipos pesados: Este servicio se ofrece a los clientes que necesiten una hoja certificada con el valor real en el mercado de su veh\u00edculo o equipo pesado, esta hoja le servir\u00e1 para realizar cualquier tr\u00e1mite financiero. Este informe puede ser utilizado solo en la entidad [&hellip;]<\/p>\n","protected":false},"author":1,"featured_media":0,"parent":0,"menu_order":0,"comment_status":"closed","ping_status":"closed","template":"","meta":[],"_links":{"self":[{"href":"https:\/\/www.custodioyavaluo.com\/index.php\/wp-json\/wp\/v2\/pages\/34"}],"collection":[{"href":"https:\/\/www.custodioyavaluo.com\/index.php\/wp-json\/wp\/v2\/pages"}],"about":[{"href":"https:\/\/www.custodioyavaluo.com\/index.php\/wp-json\/wp\/v2\/types\/page"}],"author":[{"embeddable":true,"href":"https:\/\/www.custodioyavaluo.com\/index.php\/wp-json\/wp\/v2\/users\/1"}],"replies":[{"embeddable":true,"href":"https:\/\/www.custodioyavaluo.com\/index.php\/wp-json\/wp\/v2\/comments?post=34"}],"version-history":[{"count":8,"href":"https:\/\/www.custodioyavaluo.com\/index.php\/wp-json\/wp\/v2\/pages\/34\/revisions"}],"predecessor-version":[{"id":1003,"href":"https:\/\/www.custodioyavaluo.com\/index.php\/wp-json\/wp\/v2\/pages\/34\/revisions\/1003"}],"wp:attachment":[{"href":"https:\/\/www.custodioyavaluo.com\/index.php\/wp-json\/wp\/v2\/media?parent=34"}],"curies":[{"name":"wp","href":"https:\/\/api.w.org\/{rel}","templated":true}]}}