{"id":40,"date":"2017-08-23T10:50:27","date_gmt":"2017-08-23T15:50:27","guid":{"rendered":"https:\/\/www.custodioyavaluo.com\/?page_id=40"},"modified":"2020-11-12T00:26:56","modified_gmt":"2020-11-12T05:26:56","slug":"contactos","status":"publish","type":"page","link":"https:\/\/www.custodioyavaluo.com\/index.php\/contactos\/","title":{"rendered":"Contactos"},"content":{"rendered":"\n<div style=\"width: 100%;\">\n<div style=\"width: 50%; float: left;\">\n<div role=\"form\" class=\"wpcf7\" id=\"wpcf7-f8051-o1\" lang=\"es-ES\" dir=\"ltr\">\n<div class=\"screen-reader-response\"><p role=\"status\" aria-live=\"polite\" aria-atomic=\"true\"><\/p> <ul><\/ul><\/div>\n<form action=\"\/index.php\/wp-json\/wp\/v2\/pages\/40#wpcf7-f8051-o1\" method=\"post\" class=\"wpcf7-form init\" novalidate=\"novalidate\" data-status=\"init\">\n<div style=\"display: none;\">\n<input type=\"hidden\" name=\"_wpcf7\" value=\"8051\" \/>\n<input type=\"hidden\" name=\"_wpcf7_version\" value=\"5.4.2\" \/>\n<input type=\"hidden\" name=\"_wpcf7_locale\" value=\"es_ES\" \/>\n<input type=\"hidden\" name=\"_wpcf7_unit_tag\" value=\"wpcf7-f8051-o1\" \/>\n<input type=\"hidden\" name=\"_wpcf7_container_post\" value=\"0\" \/>\n<input type=\"hidden\" name=\"_wpcf7_posted_data_hash\" value=\"\" \/>\n<input type=\"hidden\" name=\"_wpcf7_recaptcha_response\" value=\"\" \/>\n<\/div>\n<p><label> Nombre<br \/>\n    <span class=\"wpcf7-form-control-wrap your-name\"><input type=\"text\" name=\"your-name\" value=\"\" size=\"40\" class=\"wpcf7-form-control wpcf7-text wpcf7-validates-as-required\" aria-required=\"true\" aria-invalid=\"false\" \/><\/span> <\/label><\/p>\n<p><label> Correo Electr\u00f3nico<br \/>\n    <span class=\"wpcf7-form-control-wrap your-email\"><input type=\"email\" name=\"your-email\" value=\"\" size=\"40\" class=\"wpcf7-form-control wpcf7-text wpcf7-email wpcf7-validates-as-required wpcf7-validates-as-email\" aria-required=\"true\" aria-invalid=\"false\" \/><\/span> <\/label><\/p>\n<p><label> Asunto<br \/>\n    <span class=\"wpcf7-form-control-wrap your-subject\"><input type=\"text\" name=\"your-subject\" value=\"\" size=\"40\" class=\"wpcf7-form-control wpcf7-text wpcf7-validates-as-required\" aria-required=\"true\" aria-invalid=\"false\" \/><\/span> <\/label><\/p>\n<p><label> Mensaje<br \/>\n    <span class=\"wpcf7-form-control-wrap your-message\"><textarea name=\"your-message\" cols=\"40\" rows=\"10\" class=\"wpcf7-form-control wpcf7-textarea wpcf7-validates-as-required\" aria-required=\"true\" aria-invalid=\"false\"><\/textarea><\/span> <\/label><\/p>\n\n<p><input type=\"submit\" value=\"Enviar\" class=\"wpcf7-form-control wpcf7-submit\" \/><\/p>\n<div class=\"wpcf7-response-output\" aria-hidden=\"true\"><\/div><\/form><\/div>\n<\/div>\n<div style=\"width: 50%; float: right;\">\n<p>Si desea realizar alguna consulta o pregunta respecto a nuestros servicios, por favor llene correctamente el formulario en l\u00ednea o llame a los siguientes n\u00fameros telef\u00f3nicos:<\/p>\n<div style=\"width: 100%;\">\n<p><img loading=\"lazy\" src=\"https:\/\/www.custodioyavaluo.com\/wp-content\/uploads\/2018\/12\/phone_image_avaluo_2.png\" alt=\"\" width=\"35\" height=\"35\" class=\"alignleft size-full wp-image-760\"> (507) 203-3090 | 203-3091<\/p>\n<\/div>\n<p><\/p>\n<div style=\"width: 100%;\">\n<p><img loading=\"lazy\" src=\"https:\/\/www.custodioyavaluo.com\/wp-content\/uploads\/2018\/12\/celular_avaluo.png\" alt=\"\" width=\"35\" height=\"35\" class=\"alignleft size-full wp-image-761\"> 6671-3745<\/p>\n<p><\/p>\n<p>Muchas gracias!!<\/p>\n<\/div>\n<\/div>\n<\/div>\n","protected":false},"excerpt":{"rendered":"<p>Si desea realizar alguna consulta o pregunta respecto a nuestros servicios, por favor llene correctamente el formulario en l\u00ednea o llame a los siguientes n\u00fameros telef\u00f3nicos: (507) 203-3090 | 203-3091 6671-3745 Muchas gracias!!<\/p>\n","protected":false},"author":1,"featured_media":0,"parent":0,"menu_order":0,"comment_status":"closed","ping_status":"closed","template":"","meta":[],"_links":{"self":[{"href":"https:\/\/www.custodioyavaluo.com\/index.php\/wp-json\/wp\/v2\/pages\/40"}],"collection":[{"href":"https:\/\/www.custodioyavaluo.com\/index.php\/wp-json\/wp\/v2\/pages"}],"about":[{"href":"https:\/\/www.custodioyavaluo.com\/index.php\/wp-json\/wp\/v2\/types\/page"}],"author":[{"embeddable":true,"href":"https:\/\/www.custodioyavaluo.com\/index.php\/wp-json\/wp\/v2\/users\/1"}],"replies":[{"embeddable":true,"href":"https:\/\/www.custodioyavaluo.com\/index.php\/wp-json\/wp\/v2\/comments?post=40"}],"version-history":[{"count":13,"href":"https:\/\/www.custodioyavaluo.com\/index.php\/wp-json\/wp\/v2\/pages\/40\/revisions"}],"predecessor-version":[{"id":8052,"href":"https:\/\/www.custodioyavaluo.com\/index.php\/wp-json\/wp\/v2\/pages\/40\/revisions\/8052"}],"wp:attachment":[{"href":"https:\/\/www.custodioyavaluo.com\/index.php\/wp-json\/wp\/v2\/media?parent=40"}],"curies":[{"name":"wp","href":"https:\/\/api.w.org\/{rel}","templated":true}]}}